
{"id":23725,"date":"2023-07-17T06:49:33","date_gmt":"2023-07-17T06:49:33","guid":{"rendered":"https:\/\/cemher.com\/polityka-cookies\/"},"modified":"2023-07-17T08:21:22","modified_gmt":"2023-07-17T08:21:22","slug":"polityka-cookies","status":"publish","type":"page","link":"https:\/\/cemher.com\/pl\/polityka-cookies\/","title":{"rendered":"Polityka cookies"},"content":{"rendered":"[vc_row type=&#8221;in_container&#8221; full_screen_row_position=&#8221;middle&#8221; column_margin=&#8221;default&#8221; column_direction=&#8221;default&#8221; column_direction_tablet=&#8221;default&#8221; column_direction_phone=&#8221;default&#8221; scene_position=&#8221;center&#8221; top_padding=&#8221;5%&#8221; bottom_padding=&#8221;3%&#8221; text_color=&#8221;dark&#8221; text_align=&#8221;left&#8221; row_border_radius=&#8221;none&#8221; row_border_radius_applies=&#8221;bg&#8221; overflow=&#8221;visible&#8221; overlay_strength=&#8221;0.3&#8243; gradient_direction=&#8221;left_to_right&#8221; shape_divider_position=&#8221;bottom&#8221; bg_image_animation=&#8221;none&#8221; shape_type=&#8221;&#8221;][vc_column column_padding=&#8221;no-extra-padding&#8221; column_padding_tablet=&#8221;inherit&#8221; column_padding_phone=&#8221;inherit&#8221; column_padding_position=&#8221;all&#8221; column_element_direction_desktop=&#8221;default&#8221; column_element_spacing=&#8221;default&#8221; desktop_text_alignment=&#8221;default&#8221; tablet_text_alignment=&#8221;default&#8221; phone_text_alignment=&#8221;default&#8221; background_color_opacity=&#8221;1&#8243; background_hover_color_opacity=&#8221;1&#8243; column_backdrop_filter=&#8221;none&#8221; column_shadow=&#8221;none&#8221; column_border_radius=&#8221;none&#8221; column_link_target=&#8221;_self&#8221; column_position=&#8221;default&#8221; gradient_direction=&#8221;left_to_right&#8221; overlay_strength=&#8221;0.3&#8243; width=&#8221;1\/1&#8243; tablet_width_inherit=&#8221;default&#8221; animation_type=&#8221;default&#8221; bg_image_animation=&#8221;none&#8221; border_type=&#8221;simple&#8221; column_border_width=&#8221;none&#8221; column_border_style=&#8221;solid&#8221;][vc_column_text]\n<h1>Polityka cookies<\/h1>\n<p>&nbsp;<\/p>\n<p>Ta strona internetowa wykorzystuje w\u0142asne i zewn\u0119trzne pliki cookie do pomiaru i analizy nawyk\u00f3w przegl\u0105dania naszych u\u017cytkownik\u00f3w. Pliki cookie to pliki instalowane na komputerze, z kt\u00f3rego u\u017cytkownik uzyskuje dost\u0119p do naszej witryny internetowej, w celach opisanych na tej stronie. Opr\u00f3cz plik\u00f3w cookie niezb\u0119dnych do przegl\u0105dania stron internetowych, takich jak sesyjne pliki cookie, niniejsza witryna wykorzystuje nast\u0119puj\u0105ce pliki cookie i pliki \u015bledzenia:<\/p>\n<ul>\n<li>Google Analytics to us\u0142uga \u015bwiadczona przez Google, Inc., kt\u00f3rej g\u0142\u00f3wna siedziba znajduje si\u0119 pod adresem 1600 Amphitheatre Parkway, Mountain View (Kalifornia), CA 94043, Stany Zjednoczone. Google przechowuje pliki cookie w celu tworzenia statystyk dotycz\u0105cych ruchu i liczby odwiedzin na tej stronie internetowej w celu poprawy odwiedzin i pozycjonowania strony internetowej. Uzyskane dane b\u0119d\u0105 przetwarzane przez Google zgodnie z Polityk\u0105 prywatno\u015bci dost\u0119pn\u0105 pod adresem https:\/\/www.google.es. Korzystaj\u0105c z tej witryny, u\u017cytkownik wyra\u017ca zgod\u0119 na przetwarzanie jego danych przez Google.<\/li>\n<li>Media spo\u0142eczno\u015bciowe <a href=\"https:\/\/www.facebook.com\/\" target=\"_blank\" rel=\"noopener\">https:\/\/www.facebook.com\/<\/a>,\u00a0<a href=\"https:\/\/twitter.com\/\" target=\"_blank\" rel=\"noopener\">https:\/\/twitter.com<\/a>,\u00a0<a href=\"http:\/\/www.youtube.com\/\" target=\"_blank\" rel=\"noopener\">http:\/\/www.youtube.com\/<\/a>,\u00a0<a href=\"http:\/\/www.pinterest.com\/\" target=\"_blank\" rel=\"noopener\">http:\/\/www.pinterest.com<\/a>\u00a0o\u00a0<a href=\"http:\/\/www.linkedin.com\/\" target=\"_blank\" rel=\"noopener\">http:\/\/www.linkedin.com<\/a> : Ka\u017cda z tych witryn wykorzystuje w\u0142asne pliki cookie, aby umo\u017cliwi\u0107 u\u017cytkownikowi interakcj\u0119 z przyciskami Lubi\u0119 to lub Udost\u0119pnij.<\/li>\n<\/ul>\n<p>Uzyskane dane b\u0119d\u0105 przetwarzane przez Google i inne wskazane podmioty zgodnie z ich odpowiednimi politykami prywatno\u015bci, kt\u00f3re mo\u017cna wy\u015bwietli\u0107, klikaj\u0105c podane linki. W zwi\u0105zku z tym korzystanie z jakichkolwiek praw w tym zakresie powinno odbywa\u0107 si\u0119 poprzez bezpo\u015bredni\u0105 komunikacj\u0119 z podmiotami odpowiedzialnymi za te strony internetowe.<\/p>\n<p>Pliki cookie nie zostan\u0105 zainstalowane na komputerze u\u017cytkownika, dop\u00f3ki nie zaakceptuje on ich u\u017cycia w powiadomieniu (Pop Up), kt\u00f3re zostanie wy\u015bwietlone przy pierwszym dost\u0119pie U\u017bYTKOWNIKA do sieci. Akceptuj\u0105c, U\u017bYTKOWNIK wyra\u017ca zgod\u0119 na wykorzystanie plik\u00f3w cookie i plik\u00f3w \u015bledzenia adres\u00f3w IP, kt\u00f3rych u\u017cycie umo\u017cliwia naszej firmie gromadzenie danych do cel\u00f3w statystycznych, takich jak: liczba odwiedzonych stron, j\u0119zyk, sie\u0107 spo\u0142eczno\u015bciowa, w kt\u00f3rej publikowane s\u0105 nasze wiadomo\u015bci, miasto lub region, do kt\u00f3rego przypisany jest adres IP, z kt\u00f3rego uzyskano dost\u0119p, liczba nowych u\u017cytkownik\u00f3w, cz\u0119stotliwo\u015b\u0107 i powtarzalno\u015b\u0107 wizyt, czas wizyty, przegl\u0105darka lub terminal, z kt\u00f3rego dokonano wizyty.<\/p>\n<p>W ka\u017cdym przypadku U\u017bYTKOWNIK mo\u017ce zapobiec instalacji plik\u00f3w cookie lub usun\u0105\u0107 te, kt\u00f3re zosta\u0142y ju\u017c zainstalowane, poprzez konfiguracj\u0119 swojej przegl\u0105darki, a tak\u017ce poprzez u\u017cycie okre\u015blonych aplikacji. FIRMA nie ponosi jednak odpowiedzialno\u015bci za dezaktywacj\u0119 plik\u00f3w cookie uniemo\u017cliwiaj\u0105cych prawid\u0142owe funkcjonowanie strony internetowej. Uzyskane informacje s\u0105 ca\u0142kowicie anonimowe i w \u017cadnym wypadku nie mog\u0105 by\u0107 powi\u0105zane z konkretnym, zidentyfikowanym u\u017cytkownikiem.<\/p>\n<p>W przypadku, gdy U\u017bYTKOWNIK zechce p\u00f3\u017aniej usun\u0105\u0107 pliki cookie, kt\u00f3re zosta\u0142y zapisane na jego komputerze i kt\u00f3re koniecznie wymagaj\u0105 jego zgody, mo\u017ce to zrobi\u0107 za pomoc\u0105 narz\u0119dzi udost\u0119pnionych w tym celu przez jego przegl\u0105dark\u0119. Dodatkowe informacje na ten temat mo\u017cna znale\u017a\u0107 pod nast\u0119puj\u0105cymi linkami:<\/p>\n<p>Firefox:\u00a0<a href=\"http:\/\/support.mozilla.org\/es\/home\" target=\"_blank\" rel=\"noopener\">http:\/\/support.mozilla.org\/es\/home<\/a><br \/>\nInternet Explorer:\u00a0<a href=\"http:\/\/support.microsoft.com\/ph\/807\/es-es\" target=\"_blank\" rel=\"noopener\">http:\/\/support.microsoft.com\/ph\/807\/es-es<\/a><br \/>\nSafari:\u00a0<a href=\"http:\/\/support.apple.com\/kb\/HT1677?viewlocale=es_ES\" target=\"_blank\" rel=\"noopener\">http:\/\/support.apple.com\/kb\/HT1677?viewlocale=es_ES<\/a><br \/>\nOpera:\u00a0<a href=\"http:\/\/help.opera.com\/Windows\/8.54\/es-ES\/index.html\" target=\"_blank\" rel=\"noopener\">http:\/\/help.opera.com\/Windows\/8.54\/es-ES\/index.html<\/a><\/p>\n<p>Nale\u017cy pami\u0119ta\u0107, \u017ce je\u015bli U\u017bYTKOWNIK nie akceptuje plik\u00f3w cookie lub je odrzuca, funkcjonalno\u015b\u0107 strony internetowej mo\u017ce by\u0107 ograniczona.[\/vc_column_text][\/vc_column][\/vc_row]\n","protected":false},"excerpt":{"rendered":"<p>[vc_row type=&#8221;in_container&#8221; full_screen_row_position=&#8221;middle&#8221; column_margin=&#8221;default&#8221; column_direction=&#8221;default&#8221; column_direction_tablet=&#8221;default&#8221; column_direction_phone=&#8221;default&#8221; scene_position=&#8221;center&#8221; top_padding=&#8221;5%&#8221; bottom_padding=&#8221;3%&#8221; text_color=&#8221;dark&#8221; text_align=&#8221;left&#8221; row_border_radius=&#8221;none&#8221; row_border_radius_applies=&#8221;bg&#8221; overflow=&#8221;visible&#8221; overlay_strength=&#8221;0.3&#8243; gradient_direction=&#8221;left_to_right&#8221; shape_divider_position=&#8221;bottom&#8221;&#8230;<\/p>\n","protected":false},"author":1,"featured_media":0,"parent":0,"menu_order":0,"comment_status":"closed","ping_status":"closed","template":"","meta":{"_acf_changed":false,"footnotes":""},"class_list":["post-23725","page","type-page","status-publish"],"acf":[],"_links":{"self":[{"href":"https:\/\/cemher.com\/pl\/wp-json\/wp\/v2\/pages\/23725","targetHints":{"allow":["GET"]}}],"collection":[{"href":"https:\/\/cemher.com\/pl\/wp-json\/wp\/v2\/pages"}],"about":[{"href":"https:\/\/cemher.com\/pl\/wp-json\/wp\/v2\/types\/page"}],"author":[{"embeddable":true,"href":"https:\/\/cemher.com\/pl\/wp-json\/wp\/v2\/users\/1"}],"replies":[{"embeddable":true,"href":"https:\/\/cemher.com\/pl\/wp-json\/wp\/v2\/comments?post=23725"}],"version-history":[{"count":0,"href":"https:\/\/cemher.com\/pl\/wp-json\/wp\/v2\/pages\/23725\/revisions"}],"wp:attachment":[{"href":"https:\/\/cemher.com\/pl\/wp-json\/wp\/v2\/media?parent=23725"}],"curies":[{"name":"wp","href":"https:\/\/api.w.org\/{rel}","templated":true}]}}