
{"id":26637,"date":"2024-01-18T11:47:04","date_gmt":"2024-01-18T11:47:04","guid":{"rendered":"https:\/\/cemher.com\/politique-en-matiere-de-cookies\/"},"modified":"2024-01-18T11:49:11","modified_gmt":"2024-01-18T11:49:11","slug":"politique-en-matiere-de-cookies","status":"publish","type":"page","link":"https:\/\/cemher.com\/fr\/politique-en-matiere-de-cookies\/","title":{"rendered":"Politique en mati\u00e8re de cookies"},"content":{"rendered":"[vc_row type=\u00a0\u00bbin_container\u00a0\u00bb full_screen_row_position=\u00a0\u00bbmiddle\u00a0\u00bb scene_position=\u00a0\u00bbcenter\u00a0\u00bb text_color=\u00a0\u00bbdark\u00a0\u00bb text_align=\u00a0\u00bbleft\u00a0\u00bb top_padding=\u00a0\u00bb5%\u00a0\u00bb bottom_padding=\u00a0\u00bb3%\u00a0\u00bb overlay_strength=\u00a0\u00bb0.3&Prime; shape_divider_position=\u00a0\u00bbbottom\u00a0\u00bb bg_image_animation=\u00a0\u00bbnone\u00a0\u00bb shape_type=\u00a0\u00bb\u00a0\u00bb][vc_column column_padding=\u00a0\u00bbno-extra-padding\u00a0\u00bb column_padding_position=\u00a0\u00bball\u00a0\u00bb background_color_opacity=\u00a0\u00bb1&Prime; background_hover_color_opacity=\u00a0\u00bb1&Prime; column_link_target=\u00a0\u00bb_self\u00a0\u00bb column_shadow=\u00a0\u00bbnone\u00a0\u00bb column_border_radius=\u00a0\u00bbnone\u00a0\u00bb width=\u00a0\u00bb1\/1&Prime; tablet_width_inherit=\u00a0\u00bbdefault\u00a0\u00bb tablet_text_alignment=\u00a0\u00bbdefault\u00a0\u00bb phone_text_alignment=\u00a0\u00bbdefault\u00a0\u00bb column_border_width=\u00a0\u00bbnone\u00a0\u00bb column_border_style=\u00a0\u00bbsolid\u00a0\u00bb bg_image_animation=\u00a0\u00bbnone\u00a0\u00bb][vc_column_text]\n<h1>Politique en mati\u00e8re de cookies<\/h1>\n<p>&nbsp;<\/p>\n<p>Ce site web utilise ses propres cookies et ceux de tiers pour mesurer et analyser les habitudes de navigation de nos utilisateurs. Les cookies sont des fichiers install\u00e9s sur l&rsquo;ordinateur \u00e0 partir duquel vous acc\u00e9dez \u00e0 notre site web aux fins d\u00e9crites sur cette page. Outre les cookies strictement n\u00e9cessaires \u00e0 la navigation sur le web, tels que les cookies de session, ce site web utilise les cookies et fichiers de suivi suivants :<\/p>\n<ul>\n<li>Google Analytics est un service fourni par Google, Inc. dont le si\u00e8ge social est situ\u00e9 \u00e0 1600 Amphitheatre Parkway, Mountain View (California), CA 94043, \u00c9tats-Unis. Google stocke des cookies pour \u00e9tablir des statistiques sur le trafic et le volume de visites sur ce site afin d&rsquo;am\u00e9liorer les visites et le positionnement du site. Les donn\u00e9es obtenues seront trait\u00e9es par Google conform\u00e9ment \u00e0 la politique de confidentialit\u00e9 disponible \u00e0 l&rsquo;adresse https:\/\/www.google.es. En utilisant ce site, vous consentez express\u00e9ment au traitement de vos donn\u00e9es nominatives par Google.<\/li>\n<li>R\u00e9seaux sociaux <a href=\"https:\/\/www.facebook.com\/\" target=\"_blank\" rel=\"noopener\">https:\/\/www.facebook.com\/,<\/a> <a href=\"https:\/\/twitter.com\/\" target=\"_blank\" rel=\"noopener\">https:\/\/twitter.com,<\/a> <a href=\"http:\/\/www.youtube.com\/\" target=\"_blank\" rel=\"noopener\">http:\/\/www.youtube.com\/,<\/a> <a href=\"http:\/\/www.pinterest.com\/\" target=\"_blank\" rel=\"noopener\">http:\/\/www.pinterest.com<\/a> ou <a href=\"http:\/\/www.linkedin.com\/\" target=\"_blank\" rel=\"noopener\">http:\/\/www.linkedin.com<\/a>: Chacun de ces sites utilise ses propres cookies pour vous permettre d&rsquo;interagir avec les boutons \u00ab\u00a0J&rsquo;aime\u00a0\u00bb ou \u00ab\u00a0Partager\u00a0\u00bb.<\/li>\n<\/ul>\n<p>Les donn\u00e9es obtenues seront trait\u00e9es par Google et les autres entit\u00e9s indiqu\u00e9es conform\u00e9ment \u00e0 leurs politiques de confidentialit\u00e9 respectives, qui peuvent \u00eatre consult\u00e9es en cliquant sur les liens fournis. Par cons\u00e9quent, l&rsquo;exercice de tout droit \u00e0 cet \u00e9gard doit \u00eatre communiqu\u00e9 directement aux responsables de ces sites web.<\/p>\n<p>Les cookies ne seront pas install\u00e9s sur votre ordinateur tant que vous n&rsquo;aurez pas accept\u00e9 leur utilisation dans l&rsquo;avis contextuel qui s&rsquo;affichera lors du premier acc\u00e8s de l&rsquo;UTILISATEUR au site web. En acceptant, l&rsquo;UTILISATEUR consent \u00e0 l&rsquo;utilisation de cookies et de fichiers de suivi de l&rsquo;adresse IP dont l&rsquo;utilisation permet \u00e0 notre soci\u00e9t\u00e9 de collecter des donn\u00e9es \u00e0 des fins statistiques telles que : le nombre de pages visit\u00e9es, la langue, le r\u00e9seau social dans lequel nos nouvelles sont publi\u00e9es, la ville ou la r\u00e9gion \u00e0 laquelle est attribu\u00e9e l&rsquo;adresse IP \u00e0 partir de laquelle il est acc\u00e9d\u00e9, le nombre de nouveaux utilisateurs, la fr\u00e9quence et la r\u00e9currence des visites, l&rsquo;heure de la visite, le navigateur ou le terminal \u00e0 partir duquel la visite a \u00e9t\u00e9 effectu\u00e9e.<\/p>\n<p>Dans tous les cas, l&rsquo;UTILISATEUR peut emp\u00eacher l&rsquo;installation de cookies ou supprimer ceux qui ont d\u00e9j\u00e0 \u00e9t\u00e9 install\u00e9s, par le biais de la configuration de son navigateur, ainsi que par l&rsquo;utilisation d&rsquo;applications sp\u00e9cifiques. Cependant, LA COMPAGNIE n&rsquo;accepte aucune responsabilit\u00e9 si la d\u00e9sactivation de ces cookies emp\u00eache le bon fonctionnement du site. Les informations obtenues sont totalement anonymes et ne peuvent en aucun cas \u00eatre associ\u00e9es \u00e0 un utilisateur sp\u00e9cifique et identifi\u00e9.<\/p>\n<p>Si l&rsquo;UTILISATEUR souhaite ult\u00e9rieurement supprimer les cookies qui ont \u00e9t\u00e9 stock\u00e9s sur son ordinateur et qui requi\u00e8rent n\u00e9cessairement son consentement, il peut le faire en utilisant les outils fournis par son navigateur \u00e0 cet effet. Des informations compl\u00e9mentaires sont disponibles via les liens suivants :<\/p>\n<p>Firefox <a href=\"http:\/\/support.mozilla.org\/es\/home\" target=\"_blank\" rel=\"noopener\">: http:\/\/support.mozilla.org\/es\/home<\/a><br \/>\nInternet Explorer <a href=\"http:\/\/support.microsoft.com\/ph\/807\/es-es\" target=\"_blank\" rel=\"noopener\">: http:\/\/support.microsoft.com\/ph\/807\/es-es<\/a><br \/>\nSafari <a href=\"http:\/\/support.apple.com\/kb\/HT1677?viewlocale=es_ES\" target=\"_blank\" rel=\"noopener\">: http:\/\/support.apple.com\/kb\/HT1677?viewlocale=es_ES<\/a><br \/>\nOp\u00e9ra <a href=\"http:\/\/help.opera.com\/Windows\/8.54\/es-ES\/index.html\" target=\"_blank\" rel=\"noopener\">: http:\/\/help.opera.com\/Windows\/8.54\/es-ES\/index.html<\/a><\/p>\n<p>Veuillez noter que si l&rsquo;UTILISATEUR n&rsquo;accepte pas les cookies ou les rejette par la suite, les fonctionnalit\u00e9s du site web peuvent \u00eatre alt\u00e9r\u00e9es.[\/vc_column_text][\/vc_column][\/vc_row]\n","protected":false},"excerpt":{"rendered":"<p>[vc_row type=\u00a0\u00bbin_container\u00a0\u00bb full_screen_row_position=\u00a0\u00bbmiddle\u00a0\u00bb scene_position=\u00a0\u00bbcenter\u00a0\u00bb text_color=\u00a0\u00bbdark\u00a0\u00bb text_align=\u00a0\u00bbleft\u00a0\u00bb top_padding=\u00a0\u00bb5%\u00a0\u00bb bottom_padding=\u00a0\u00bb3%\u00a0\u00bb overlay_strength=\u00a0\u00bb0.3&Prime; shape_divider_position=\u00a0\u00bbbottom\u00a0\u00bb bg_image_animation=\u00a0\u00bbnone\u00a0\u00bb shape_type=\u00a0\u00bb\u00a0\u00bb][vc_column column_padding=\u00a0\u00bbno-extra-padding\u00a0\u00bb column_padding_position=\u00a0\u00bball\u00a0\u00bb background_color_opacity=\u00a0\u00bb1&Prime; background_hover_color_opacity=\u00a0\u00bb1&Prime; column_link_target=\u00a0\u00bb_self\u00a0\u00bb column_shadow=\u00a0\u00bbnone\u00a0\u00bb&#8230;<\/p>\n","protected":false},"author":1,"featured_media":0,"parent":0,"menu_order":0,"comment_status":"closed","ping_status":"closed","template":"","meta":{"_acf_changed":false,"footnotes":""},"class_list":["post-26637","page","type-page","status-publish"],"acf":[],"_links":{"self":[{"href":"https:\/\/cemher.com\/fr\/wp-json\/wp\/v2\/pages\/26637","targetHints":{"allow":["GET"]}}],"collection":[{"href":"https:\/\/cemher.com\/fr\/wp-json\/wp\/v2\/pages"}],"about":[{"href":"https:\/\/cemher.com\/fr\/wp-json\/wp\/v2\/types\/page"}],"author":[{"embeddable":true,"href":"https:\/\/cemher.com\/fr\/wp-json\/wp\/v2\/users\/1"}],"replies":[{"embeddable":true,"href":"https:\/\/cemher.com\/fr\/wp-json\/wp\/v2\/comments?post=26637"}],"version-history":[{"count":0,"href":"https:\/\/cemher.com\/fr\/wp-json\/wp\/v2\/pages\/26637\/revisions"}],"wp:attachment":[{"href":"https:\/\/cemher.com\/fr\/wp-json\/wp\/v2\/media?parent=26637"}],"curies":[{"name":"wp","href":"https:\/\/api.w.org\/{rel}","templated":true}]}}