
{"id":26487,"date":"2024-01-17T12:22:21","date_gmt":"2024-01-17T12:22:21","guid":{"rendered":"https:\/\/cemher.com\/politique-de-confidentialite\/"},"modified":"2024-01-18T07:51:27","modified_gmt":"2024-01-18T07:51:27","slug":"politique-de-confidentialite","status":"publish","type":"page","link":"https:\/\/cemher.com\/fr\/politique-de-confidentialite\/","title":{"rendered":"Politique de confidentialit\u00e9"},"content":{"rendered":"[vc_row type=\u00a0\u00bbin_container\u00a0\u00bb full_screen_row_position=\u00a0\u00bbmiddle\u00a0\u00bb column_margin=\u00a0\u00bbdefault\u00a0\u00bb column_direction=\u00a0\u00bbdefault\u00a0\u00bb column_direction_tablet=\u00a0\u00bbdefault\u00a0\u00bb column_direction_phone=\u00a0\u00bbdefault\u00a0\u00bb scene_position=\u00a0\u00bbcenter\u00a0\u00bb top_padding=\u00a0\u00bb5%\u00a0\u00bb bottom_padding=\u00a0\u00bb3%\u00a0\u00bb text_color=\u00a0\u00bbdark\u00a0\u00bb text_align=\u00a0\u00bbleft\u00a0\u00bb row_border_radius=\u00a0\u00bbnone\u00a0\u00bb row_border_radius_applies=\u00a0\u00bbbg\u00a0\u00bb overflow=\u00a0\u00bbvisible\u00a0\u00bb overlay_strength=\u00a0\u00bb0.3&Prime; gradient_direction=\u00a0\u00bbleft_to_right\u00a0\u00bb shape_divider_position=\u00a0\u00bbbottom\u00a0\u00bb bg_image_animation=\u00a0\u00bbnone\u00a0\u00bb shape_type=\u00a0\u00bb\u00a0\u00bb][vc_column column_padding=\u00a0\u00bbno-extra-padding\u00a0\u00bb column_padding_tablet=\u00a0\u00bbinherit\u00a0\u00bb column_padding_phone=\u00a0\u00bbinherit\u00a0\u00bb column_padding_position=\u00a0\u00bball\u00a0\u00bb column_element_direction_desktop=\u00a0\u00bbdefault\u00a0\u00bb column_element_spacing=\u00a0\u00bbdefault\u00a0\u00bb desktop_text_alignment=\u00a0\u00bbdefault\u00a0\u00bb tablet_text_alignment=\u00a0\u00bbdefault\u00a0\u00bb phone_text_alignment=\u00a0\u00bbdefault\u00a0\u00bb background_color_opacity=\u00a0\u00bb1&Prime; background_hover_color_opacity=\u00a0\u00bb1&Prime; column_backdrop_filter=\u00a0\u00bbnone\u00a0\u00bb column_shadow=\u00a0\u00bbnone\u00a0\u00bb column_border_radius=\u00a0\u00bbnone\u00a0\u00bb column_link_target=\u00a0\u00bb_self\u00a0\u00bb column_position=\u00a0\u00bbdefault\u00a0\u00bb gradient_direction=\u00a0\u00bbleft_to_right\u00a0\u00bb overlay_strength=\u00a0\u00bb0.3&Prime; width=\u00a0\u00bb1\/1&Prime; tablet_width_inherit=\u00a0\u00bbdefault\u00a0\u00bb animation_type=\u00a0\u00bbdefault\u00a0\u00bb bg_image_animation=\u00a0\u00bbnone\u00a0\u00bb border_type=\u00a0\u00bbsimple\u00a0\u00bb column_border_width=\u00a0\u00bbnone\u00a0\u00bb column_border_style=\u00a0\u00bbsolid\u00a0\u00bb][vc_column_text]\n&#13;\n<h1 class=\"wp-block-heading\">Politique de confidentialit\u00e9<\/h1>&#13;\n<p>\u00a0<\/p>&#13;\n<p>CEMHER es consciente de que le interesa conocer la manera en que su informaci\u00f3n personal es utilizada y distribuida. Tratamos seriamente el manejo de informaci\u00f3n confidencial. A continuaci\u00f3n, encontrar\u00e1 m\u00e1s informaci\u00f3n sobre nuestra Pol\u00edtica de Privacidad.<\/p>&#13;\n<p><b>1.\u00a0Identidad del Responsable del Fichero<\/b><\/p>&#13;\n<p>La informaci\u00f3n facilitada por el USUARIO a trav\u00e9s de cualquiera de los formularios del SITIO WEB ser\u00e1 incluida en uno o varios ficheros responsabilidad de KILNHER, S.L. (en adelante, LA EMPRESA), con CIF B98349798 domicilio en la C\/ Llanterners 44 \u2013 Poligono Industrial La Figuera \u2013 46970 Alaquas (Valencia).<\/p>&#13;\n<p><b>2.<\/b>\u00a0<b>Finalidad del tratamiento<\/b><\/p>&#13;\n<p>LA EMPRESA tratar\u00e1 la informaci\u00f3n facilitada por el USUARIO con distintas finalidades, dependiendo de la v\u00eda de recogida de los datos:<\/p>&#13;\n<ul>&#13;\n<li>Prestar los servicios solicitados por el USUARIO.<\/li>&#13;\n<li>Gestionar, administrar, prestar, ampliar y mejorar los servicios a los que el USUARIO hubiese decidido suscribirse o darse de alta.<\/li>&#13;\n<li>Adecuar dichos servicios para mejorar su calidad de cara al USUARIO.<\/li>&#13;\n<li>Dise\u00f1ar nuevos servicios relacionados con los anteriores.<\/li>&#13;\n<li>Realizar estudios estad\u00edsticos que permitan dise\u00f1ar mejoras en los servicios prestados.<\/li>&#13;\n<li>Enviar informaci\u00f3n requerida por el USUARIO.<\/li>&#13;\n<li>Gestionar las candidaturas enviadas por el USUARIO.<\/li>&#13;\n<li>En su caso, gestionar la relaci\u00f3n contractual o comercial establecida entre LA EMPRESA y el USUARIO.<\/li>&#13;\n<li>Enviar informaci\u00f3n sobre modificaciones en los productos o servicios contratados por el USUARIO.<\/li>&#13;\n<li>Enviar informaci\u00f3n sobre nuevos productos o servicios similares a los contratados originalmente.<\/li>&#13;\n<\/ul>&#13;\n<p>El USUARIO consiente el tratamiento de sus datos con las finalidades descritas, sin perjuicio del derecho que le asiste de confirmar o revocar dicho consentimiento a trav\u00e9s de la marcaci\u00f3n de la casilla dispuesta al efecto en cada uno de los formularios.<\/p>&#13;\n<p>Con las finalidades antes mencionadas sus datos ser\u00e1n tratados con su consentimiento durante el plazo estipulado en cada uno de los formularios o hasta que usted manifieste su voluntad de cancelarlos o se oponga a su tratamiento. En aquellos casos en los que exista una relaci\u00f3n comercial entre LA EMPRESA y el USUARIO, sus datos ser\u00e1n conservados mientras se mantenga la relaci\u00f3n comercial y posteriormente durante el tiempo necesario para atender posibles responsabilidades legales.<\/p>&#13;\n<p>El Usuario queda informado y consiente de forma expresa e inequ\u00edvoca que sus datos personales sean tratados por LA EMPRESA a trav\u00e9s de herramientas online de env\u00edo de comunicaciones electr\u00f3nicas provistas por empresas como Sales Force ubicadas en Estados Unidos de Am\u00e9rica y adheridos al EU-US Privacy Shield Framework, lo que aporta garant\u00edas adecuadas para el tratamiento de datos personales. Estas herramientas recopilan informaci\u00f3n a trav\u00e9s de p\u00edxeles (im\u00e1genes diminutas y transparentes asociadas a su direcci\u00f3n), que posibilitan conocer qui\u00e9n y cu\u00e1ndo est\u00e1 accediendo a nuestra campa\u00f1a. El Usuario podr\u00e1 impedir estos usos configurando su gestor de correo electr\u00f3nico para impedir la descarga automatizada de im\u00e1genes.<\/p>&#13;\n<p><b>3.<\/b>\u00a0<b>Destinatarios de la informaci\u00f3n<\/b><\/p>&#13;\n<p>Le informamos que sus datos no ser\u00e1n comunicados a ning\u00fan tercero, salvo que:<\/p>&#13;\n<ul>&#13;\n<li>La cesi\u00f3n est\u00e9 autorizada en una ley.<\/li>&#13;\n<li>El tratamiento responda a la libre y leg\u00edtima aceptaci\u00f3n de una relaci\u00f3n jur\u00eddica cuyo desarrollo, cumplimiento y control implique necesariamente la conexi\u00f3n de dicho tratamiento con ficheros de terceros, como por ejemplo, tiendas en las que recoger\u00e1 muestras, o ha solicitado una cita previa; entidades bancarias para la facturaci\u00f3n de los productos o servicios contratados; o empresas de mensajer\u00eda para el env\u00edo de los productos solicitados.<\/li>&#13;\n<li>Los datos sean solicitados por el Defensor del Pueblo, el Ministerio Fiscal o los Jueces o Tribunales o el Tribunal de Cuentas, en el ejercicio de las funciones que tienen atribuidas.<\/li>&#13;\n<\/ul>&#13;\n<p>Igualmente, podr\u00e1n ser comunicados a aquellos proveedores que presten alg\u00fan servicio a LA EMPRESA y para el cual necesiten acceder a sus datos personales.<\/p>&#13;\n<p><b>4. Car\u00e1cter obligatorio o facultativo de la informaci\u00f3n solicitada<\/b><\/p>&#13;\n<p>Los datos obligatorios de cada formulario ser\u00e1n identificados como tales en el propio formulario, se\u00f1alados con un asterisco. La negativa a suministrar dicha informaci\u00f3n impedir\u00e1 hacer efectivo el servicio solicitado por el USUARIO.<\/p>&#13;\n<p><b>5. Ejercicio de derechos<\/b><\/p>&#13;\n<p>El USUARIO podr\u00e1 revocar su consentimiento y ejercer sus derechos de acceso, rectificaci\u00f3n, cancelaci\u00f3n\/supresi\u00f3n, oposici\u00f3n, limitaci\u00f3n y portabilidad a trav\u00e9s de un correo electr\u00f3nico a la direcci\u00f3n de nuestro Delegado de Protecci\u00f3n de Datos\u00a0<a href=\"mailto:info@cemher.com\">info@cemher.com<\/a>\u00a0, o a trav\u00e9s de correo ordinario a la direcci\u00f3n arriba indicada, identific\u00e1ndose como USUARIO del SITIO WEB, aportando fotocopia del DNI o documento equivalente y concretando su solicitud.<\/p>&#13;\n<p>Asimismo, en caso de considerar vulnerado su derecho a la protecci\u00f3n de datos personales, podr\u00e1 interponer una reclamaci\u00f3n ante la Agencia Espa\u00f1ola de Protecci\u00f3n de Datos (<a href=\"https:\/\/www.aepd.es\/es\" target=\"_blank\" rel=\"noopener\">www.aepd.es<\/a>).<\/p>&#13;\n<p><b>6. Compromisos del USUARIO<\/b><\/p>&#13;\n<p>El USUARIO garantiza que es mayor de edad y que la informaci\u00f3n facilitada es exacta y veraz.<\/p>&#13;\n<p>El USUARIO se compromete a informar a LA EMPRESA de cualquier modificaci\u00f3n que sufra la informaci\u00f3n facilitada a trav\u00e9s de un correo electr\u00f3nico a la direcci\u00f3n de nuestro Delegado de Protecci\u00f3n de Datos <a href=\"mailto:info@cemher.com\">info@cemher.com<\/a>\u00a0, identific\u00e1ndose como USUARIO del SITIO WEB y concretando la informaci\u00f3n que deba ser modificada.<\/p>&#13;\n<p><b>7.\u00a0<\/b>\u00a0<b>Datos de terceros facilitados por el USUARIO<\/b><\/p>&#13;\n<p>En caso de que el USUARIO facilite datos personales de terceras personas con cualquier finalidad, garantiza haber informado previamente a los afectados y haber obtenido su consentimiento para la comunicaci\u00f3n de sus datos a LA EMPRESA.<\/p>&#13;\n<p>El USUARIO garantiza que los afectados son mayores de edad y que la informaci\u00f3n facilitada es exacta y veraz.<\/p>&#13;\n<p>LA EMPRESA contrastar\u00e1 el consentimiento de dichos afectados a trav\u00e9s de un primer correo electr\u00f3nico con contenido no comercial en el que se solicitar\u00e1 la verificaci\u00f3n del consentimiento otorgado en su nombre por el USUARIO.<\/p>&#13;\n<p>En caso de que se deriven responsabilidades por un incumplimiento de estas condiciones por parte del USUARIO, deber\u00e1 responder de las consecuencias de dicho incumplimiento.<\/p>&#13;\n<p><b>8. Tratamiento de datos procedentes de Facebook.<\/b><\/p>&#13;\n<p>El acceso a los Contenidos ofrecidos por LA EMPRESA a trav\u00e9s de Facebook se realiza de forma voluntaria y gratuita por los miembros de Facebook e implica la aceptaci\u00f3n formal por parte de los mismos de esta Pol\u00edtica de Privacidad adem\u00e1s de cualquier otra norma general o espec\u00edfica que Facebook establezca a tales efectos (<a href=\"https:\/\/www.facebook.com\/privacy\/explanation\" target=\"_blank\" rel=\"noopener\">Pol\u00edtica de Privacidad de Facebook<\/a>).<\/p>&#13;\n<p>LA EMPRESA garantiza la confidencialidad de los datos de car\u00e1cter personal facilitados por los Usuarios, garantizando igualmente su correcto tratamiento de acuerdo a la normativa vigente de Protecci\u00f3n de Datos y a la presente Pol\u00edtica de Privacidad.<\/p>&#13;\n<p>En cumplimiento de lo dispuesto en dicha normativa, LA EMPRESA le informa que el acceso a los Contenidos requiere que el Usuario facilite determinados datos de car\u00e1cter de car\u00e1cter personal (en adelante, los \u201cDatos Personales\u201d). Salvo que se indique expresamente lo contrario, es obligatorio proporcionar todos los Datos Personales solicitados para poder acceder a los Contenidos.<\/p>&#13;\n<p>LA EMPRESA proporcionar\u00e1 al Usuario, con car\u00e1cter previo a recabar los Datos Personales, un enlace a la presente Pol\u00edtica de Privacidad, que permitir\u00e1 al Usuario otorgar su consentimiento previo, informado, espec\u00edfico e inequ\u00edvoco a fin de que LA EMPRESA proceda al tratamiento de sus Datos Personales.<\/p>&#13;\n<p>Igualmente, si el usuario consiente expresamente a la marcaci\u00f3n de la casilla correspondiente en el Formulario, estar\u00e1 autorizando a LA EMPRESA al env\u00edo de comunicaciones comerciales sobre productos, servicios, eventos y dem\u00e1s informaci\u00f3n relativa a LA EMPRESA.<\/p>&#13;\n<p>Es requisito imprescindible para acceder a los Contenidos de LA EMPRESA que el Usuario sea mayor de 16 a\u00f1os.<\/p>&#13;\n<p>Es responsabilidad del Usuario que toda la informaci\u00f3n facilitada sea veraz y se encuentre actualizada. LA EMPRESA advierte al Usuario de que solo puede incluir sus propios Datos Personales los cuales deber\u00e1n ser adecuados, pertinentes, actuales, exactos y verdaderos. A tales efectos, el Usuario ser\u00e1 el \u00fanico responsable frente a cualquier da\u00f1o, directo y\/o indirecto, que pueda ser causado a terceros o a LA EMPRESA por el uso de Datos Personales de otra persona, o sus propios Datos Personales cuando sean falsos, err\u00f3neos, no actuales, inadecuados o impertinentes.<\/p>&#13;\n<p>Mediante la aceptaci\u00f3n de la presente Pol\u00edtica de Privacidad, el Usuario acepta que LA EMPRESA pueda acceder a: (i) la informaci\u00f3n (incluidos los Datos Personales) que \u00e9l mismo facilite a trav\u00e9s de los correspondientes formularios de registro si lo hubiera, (ii) los datos que figuran en su perfil de Facebook (incluida su foto de perfil).<\/p>&#13;\n<p>Todos los Datos Personales facilitados ser\u00e1n incluidos en ficheros responsabilidad de LA EMPRESA. Puede consultar la identidad del Responsable, as\u00ed como las finalidades, destinatarios y dem\u00e1s informaci\u00f3n respecto a los datos tratados, al inicio de la presente Pol\u00edtica de Privacidad. Igualmente, tal y como se especifica en el apartado 5 de la presente Pol\u00edtica de Privacidad, El USUARIO podr\u00e1 ejercer sus derechos de acceso, rectificaci\u00f3n, cancelaci\u00f3n\/supresi\u00f3n, oposici\u00f3n, limitaci\u00f3n y portabilidad a trav\u00e9s de un correo electr\u00f3nico a la direcci\u00f3n de nuestro Delegado de Protecci\u00f3n de Datos <a href=\"mailto:info@cemher.com\">info@cemher.com<\/a>\u00a0, o a trav\u00e9s de correo ordinario a la direcci\u00f3n arriba indicada, identific\u00e1ndose como USUARIO de FACEBOOK, aportando fotocopia del DNI o documento equivalente y concretando su solicitud.<\/p>&#13;\n<p>Asimismo, en caso de considerar vulnerado su derecho a la protecci\u00f3n de datos personales, podr\u00e1 interponer una reclamaci\u00f3n ante la Agencia Espa\u00f1ola de Protecci\u00f3n de Datos (<a href=\"https:\/\/www.aepd.es\/es\" target=\"_blank\" rel=\"noopener\">www.aepd.es<\/a>).<\/p>&#13;\n<p><b>9. Cookies y archivos de seguimiento<\/b><\/p>&#13;\n<p>El USUARIO acepta el uso de cookies y archivos de seguimiento de direcciones IP cuyo uso permite a LA EMPRESA recoger datos a efectos estad\u00edsticos como: fecha de la primera visita, n\u00famero de veces que se ha visitado, fecha de la \u00faltima visita, URL y dominio de la que proviene, explorador utilizado y resoluci\u00f3n de la pantalla.<\/p>&#13;\n<p>El USUARIO tiene la opci\u00f3n de impedir la generaci\u00f3n de cookies, mediante la selecci\u00f3n de la correspondiente opci\u00f3n en su programa navegador. Sin embargo, LA EMPRESA no se responsabiliza de que la desactivaci\u00f3n de los mismos impida el buen funcionamiento de la p\u00e1gina.<\/p>&#13;\n<p>Puede obtener m\u00e1s informaci\u00f3n sobre Cookies en nuestra\u00a0<a href=\"https:\/\/cemher.com\/politica-de-cookies\/\">POL\u00cdTICA DE COOKIES<\/a>.<\/p>&#13;\n<p><b>10. Medidas de seguridad<\/b><\/p>&#13;\n<p>LA EMPRESA ha adoptado las medidas de \u00edndole t\u00e9cnica y organizativas necesarias que garanticen la seguridad de los datos de car\u00e1cter personal y eviten su alteraci\u00f3n, p\u00e9rdida, tratamiento o acceso no autorizado, habida cuenta del estado de la tecnolog\u00eda, la naturaleza de los datos almacenados y los riesgos a que est\u00e9n expuestos, ya provengan de la acci\u00f3n humana o del medio f\u00edsico o natural.<\/p>&#13;\n[\/vc_column_text][\/vc_column][\/vc_row]","protected":false},"excerpt":{"rendered":"<p>[vc_row type=\u00a0\u00bbin_container\u00a0\u00bb full_screen_row_position=\u00a0\u00bbmiddle\u00a0\u00bb column_margin=\u00a0\u00bbdefault\u00a0\u00bb column_direction=\u00a0\u00bbdefault\u00a0\u00bb column_direction_tablet=\u00a0\u00bbdefault\u00a0\u00bb column_direction_phone=\u00a0\u00bbdefault\u00a0\u00bb scene_position=\u00a0\u00bbcenter\u00a0\u00bb top_padding=\u00a0\u00bb5%\u00a0\u00bb bottom_padding=\u00a0\u00bb3%\u00a0\u00bb text_color=\u00a0\u00bbdark\u00a0\u00bb text_align=\u00a0\u00bbleft\u00a0\u00bb row_border_radius=\u00a0\u00bbnone\u00a0\u00bb row_border_radius_applies=\u00a0\u00bbbg\u00a0\u00bb overflow=\u00a0\u00bbvisible\u00a0\u00bb overlay_strength=\u00a0\u00bb0.3&Prime; gradient_direction=\u00a0\u00bbleft_to_right\u00a0\u00bb shape_divider_position=\u00a0\u00bbbottom\u00a0\u00bb&#8230;<\/p>\n","protected":false},"author":1,"featured_media":0,"parent":0,"menu_order":0,"comment_status":"closed","ping_status":"closed","template":"","meta":{"_acf_changed":false,"footnotes":""},"class_list":["post-26487","page","type-page","status-publish"],"acf":[],"_links":{"self":[{"href":"https:\/\/cemher.com\/fr\/wp-json\/wp\/v2\/pages\/26487","targetHints":{"allow":["GET"]}}],"collection":[{"href":"https:\/\/cemher.com\/fr\/wp-json\/wp\/v2\/pages"}],"about":[{"href":"https:\/\/cemher.com\/fr\/wp-json\/wp\/v2\/types\/page"}],"author":[{"embeddable":true,"href":"https:\/\/cemher.com\/fr\/wp-json\/wp\/v2\/users\/1"}],"replies":[{"embeddable":true,"href":"https:\/\/cemher.com\/fr\/wp-json\/wp\/v2\/comments?post=26487"}],"version-history":[{"count":0,"href":"https:\/\/cemher.com\/fr\/wp-json\/wp\/v2\/pages\/26487\/revisions"}],"wp:attachment":[{"href":"https:\/\/cemher.com\/fr\/wp-json\/wp\/v2\/media?parent=26487"}],"curies":[{"name":"wp","href":"https:\/\/api.w.org\/{rel}","templated":true}]}}